{"id":1829,"date":"2014-06-04T12:31:28","date_gmt":"2014-06-04T10:31:28","guid":{"rendered":"http:\/\/casaledelcontadino.it\/?page_id=1829\/"},"modified":"2024-03-14T13:45:19","modified_gmt":"2024-03-14T12:45:19","slug":"home","status":"publish","type":"page","link":"https:\/\/casaledelcontadino.it\/de\/","title":{"rendered":"Home"},"content":{"rendered":"<section class=\"section-appartamenti-home\">\n<div class=\"lp-section-header\">\n<h2 class=\"lp-section-title\">Unsere Appartments<\/h2>\n<\/div>\n<style>    #box-pren-xenion {        background-color: rgba(0,0,0,0.1);        padding-top: 10px;        padding-bottom: 22px;        padding-left: 10px;        padding-right: 6px;        position: relative;    }    @media (max-width: 991px) {        #box-pren-xenion {            padding-right: 10px;            padding-bottom: 3px;        }    }    @media (max-width: 991px) {        #box-pren-xenion .col-pren {            padding-right: 3px;            padding-bottom: 3px;        }    }    #box-pren-xenion .btn-search {        background-color: #4dab66;    }    @media (max-width: 991px) {        #box-pren-xenion .col-pren {            padding-top: 3px;        }    }{\n\/* insert here additional code *\/\n\n}<\/style><div id='box-pren-xenion' ng-app='xenMain' ng-controller='mainCtrl'><div class='bootstrap-xenion'><div class='col-md-12 title' ng-class=\"{'col-pren-active':elementwithfocus=='ci'}\" >Online-Reservierung<\/div><div class='clearfix'><\/div><div class='col-md-2 col-pren' ng-class=\"{'col-pren-active':elementwithfocus=='ci'}\" >    <input id='checkIn' type='text' placeholder='Check-in' class='form-control form-control-date input-text' ng-focus=\"focus('ci')\" ng-change='changeDate()' ng-model='prenotazione.dataDa' data-min-date='{{today}}' name='date' bs-datepicker><\/div><div class='col-md-2 col-pren' ng-class=\"{'col-pren-active':elementwithfocus=='co'}\" >    <input id='checkOut' type='text' placeholder='Check-out' class='form-control form-control-date input-text' ng-focus=\"focus('co')\" ng-change='changeDate()' ng-model='prenotazione.dataAl' name='date' bs-datepicker><\/div><div class='col-md-3 col-pren' ng-class=\"{'col-pren-active':elementwithfocus=='tipall'}\" >    <select ng-focus=\"focus('tipall')\" ng-model='prenotazione.idmacrotipologiaall' class='form-control input-select'>        <option value='' selected>Unterkunftstyp<\/option>        <option value='1'>Wohnung<\/option>    <\/select><\/div><div class='col-md-2 col-pren' ng-class=\"{'col-pren-active':elementwithfocus=='adulti'}\" >    <select ng-focus=\"focus('adulti')\" ng-model='prenotazione.numAdulti' class='form-control input-select'>        <option value='' selected>Erwachsene<\/option><option value='1'>1 erwachsene<\/option><option value='2'>2 erwachsene<\/option><option value='3'>3 erwachsene<\/option><option value='4'>4 erwachsene<\/option><option value='5'>5 erwachsene<\/option><option value='6'>6 erwachsene<\/option><option value='7'>7 erwachsene<\/option><option value='8'>8 erwachsene<\/option><option value='9'>9 erwachsene<\/option><option value='10'>10 erwachsene<\/option><option value='11'>11 erwachsene<\/option><option value='12'>12 erwachsene<\/option><option value='13'>13 erwachsene<\/option><option value='14'>14 erwachsene<\/option><option value='15'>15 erwachsene<\/option><option value='16'>16 erwachsene<\/option><option value='17'>17 erwachsene<\/option><option value='18'>18 erwachsene<\/option><option value='19'>19 erwachsene<\/option><option value='20'>20 erwachsene<\/option>    <\/select><\/div><div class='col-md-2 col-pren' ng-class=\"{'col-pren-active':elementwithfocus=='bambini'}\" >    <select ng-focus=\"focus('bambini')\" ng-model='prenotazione.numBambini' class='form-control input-select'>        <option value='' disabled selected>Kinder<\/option><option value='0'>0 kinder<\/option><option value='1'>1 baby<\/option><option value='2'>2 kinder<\/option><option value='3'>3 kinder<\/option><option value='4'>4 kinder<\/option><option value='5'>5 kinder<\/option><option value='6'>6 kinder<\/option><option value='7'>7 kinder<\/option><option value='8'>8 kinder<\/option><option value='9'>9 kinder<\/option><option value='10'>10 kinder<\/option><option value='11'>11 kinder<\/option><option value='12'>12 kinder<\/option><option value='13'>13 kinder<\/option><option value='14'>14 kinder<\/option><option value='15'>15 kinder<\/option>    <\/select><\/div><div class='col-xs-6 col-sm-3 col-md-1 col-search'>   <a ng-click='startSearch()' ng-disabled='prenotazione.dateOK==undefined' class='btn btn-sm btn-primary btn-search'>Suche<\/a><\/div><div class='clearfix'><\/div><div ng-cloak><\/div><div class='clearfix'><\/div><div class='col-md-12 powered-by'>powered by <a class='link-xenion' target='_new' href='http:\/\/www.xenion.it\/'><u>xenion<\/u><\/a><\/div><\/div><\/div><script>    __testDatePk = '0';<\/script>\n<div class=\"multi-colum clearfix\">\n<div class=\"short-columns column-13 text-center\"><a href=\"http:\/\/casaledelcontadino.it\/de\/volsini\/\" class=\"image\"><img decoding=\"async\" loading=\"lazy\" class=\"aligncenter wp-image-1496 size-full\" src=\"http:\/\/casaledelcontadino.it\/wp-content\/uploads\/2018\/07\/IMG_8606-1.jpg\" alt=\"Volsini Camera da letto\" width=\"1024\" height=\"768\" srcset=\"https:\/\/casaledelcontadino.it\/wp-content\/uploads\/2018\/07\/IMG_8606-1.jpg 1024w, https:\/\/casaledelcontadino.it\/wp-content\/uploads\/2018\/07\/IMG_8606-1-300x225.jpg 300w, https:\/\/casaledelcontadino.it\/wp-content\/uploads\/2018\/07\/IMG_8606-1-768x576.jpg 768w, https:\/\/casaledelcontadino.it\/wp-content\/uploads\/2018\/07\/IMG_8606-1-267x200.jpg 267w\" sizes=\"(max-width: 1024px) 100vw, 1024px\" \/><\/a><\/p>\n<h3><a href=\"http:\/\/casaledelcontadino.it\/de\/volsini\/\">Volsini<\/a><\/h3>\n<\/div>\n<div class=\"short-columns column-13 text-center\"><a href=\"http:\/\/casaledelcontadino.it\/de\/velzna\/\" class=\"image\"><img decoding=\"async\" loading=\"lazy\" src=\"http:\/\/casaledelcontadino.it\/wp-content\/uploads\/2019\/01\/velzna-home.jpg\" alt=\"\" width=\"1920\" height=\"1332\" class=\"alignnone size-full wp-image-3109\" srcset=\"https:\/\/casaledelcontadino.it\/wp-content\/uploads\/2019\/01\/velzna-home.jpg 1920w, https:\/\/casaledelcontadino.it\/wp-content\/uploads\/2019\/01\/velzna-home-300x208.jpg 300w, https:\/\/casaledelcontadino.it\/wp-content\/uploads\/2019\/01\/velzna-home-768x533.jpg 768w, https:\/\/casaledelcontadino.it\/wp-content\/uploads\/2019\/01\/velzna-home-1024x710.jpg 1024w, https:\/\/casaledelcontadino.it\/wp-content\/uploads\/2019\/01\/velzna-home-288x200.jpg 288w\" sizes=\"(max-width: 1920px) 100vw, 1920px\" \/><\/a><\/p>\n<h3><a href=\"http:\/\/casaledelcontadino.it\/de\/velzna\/\">Velzna<\/a><\/h3>\n<\/div>\n<div class=\"short-columns column-13 text-center\"><a href=\"http:\/\/casaledelcontadino.it\/de\/voltumna\/\" class=\"image\"><img decoding=\"async\" loading=\"lazy\" class=\"aligncenter size-large wp-image-1520\" src=\"http:\/\/casaledelcontadino.it\/wp-content\/uploads\/2018\/07\/IMG_8728-1-1024x768.jpg\" alt=\"Voltumna\" width=\"1024\" height=\"768\" srcset=\"https:\/\/casaledelcontadino.it\/wp-content\/uploads\/2018\/07\/IMG_8728-1.jpg 1024w, https:\/\/casaledelcontadino.it\/wp-content\/uploads\/2018\/07\/IMG_8728-1-300x225.jpg 300w, https:\/\/casaledelcontadino.it\/wp-content\/uploads\/2018\/07\/IMG_8728-1-768x576.jpg 768w, https:\/\/casaledelcontadino.it\/wp-content\/uploads\/2018\/07\/IMG_8728-1-267x200.jpg 267w\" sizes=\"(max-width: 1024px) 100vw, 1024px\" \/><\/a><\/p>\n<h3><a href=\"http:\/\/casaledelcontadino.it\/de\/voltumna\/\">Voltumna<\/a><\/h3>\n<\/div>\n<\/div>\n<div class=\"multi-colum clearfix\">\n<div class=\"short-columns column-13 text-center\"><a href=\"http:\/\/casaledelcontadino.it\/de\/miralago\/\" class=\"image\"><img decoding=\"async\" loading=\"lazy\" src=\"http:\/\/casaledelcontadino.it\/wp-content\/uploads\/2019\/01\/miralago-camera-home.jpg\" alt=\"\" width=\"1920\" height=\"1446\" class=\"alignnone size-full wp-image-3098\" srcset=\"https:\/\/casaledelcontadino.it\/wp-content\/uploads\/2019\/01\/miralago-camera-home.jpg 1920w, https:\/\/casaledelcontadino.it\/wp-content\/uploads\/2019\/01\/miralago-camera-home-300x226.jpg 300w, https:\/\/casaledelcontadino.it\/wp-content\/uploads\/2019\/01\/miralago-camera-home-768x578.jpg 768w, https:\/\/casaledelcontadino.it\/wp-content\/uploads\/2019\/01\/miralago-camera-home-1024x771.jpg 1024w, https:\/\/casaledelcontadino.it\/wp-content\/uploads\/2019\/01\/miralago-camera-home-266x200.jpg 266w\" sizes=\"(max-width: 1920px) 100vw, 1920px\" \/><\/a><\/p>\n<h3><a href=\"http:\/\/casaledelcontadino.it\/de\/miralago\/\">Miralago<\/a><\/h3>\n<\/div>\n<div class=\"short-columns column-13 text-center\"><a href=\"http:\/\/casaledelcontadino.it\/de\/belvedere\/\" class=\"image\"><img decoding=\"async\" loading=\"lazy\" class=\"aligncenter size-large wp-image-1527\" src=\"http:\/\/casaledelcontadino.it\/wp-content\/uploads\/2021\/02\/DSCF0007-1.jpg\" alt=\"Belvedere\" width=\"1024\" height=\"768\"><\/a><\/p>\n<h3><a href=\"http:\/\/casaledelcontadino.it\/de\/belvedere\/\">Belvedere<\/a><\/h3>\n<\/div>\n<div class=\"short-columns column-13 text-center\"><a href=\"http:\/\/casaledelcontadino.it\/de\/casa-am-see\/\" class=\"image\"><img decoding=\"async\" loading=\"lazy\" class=\"aligncenter size-large wp-image-1527\" src=\"http:\/\/casaledelcontadino.it\/wp-content\/uploads\/2021\/02\/IMG_6522.jpg\" alt=\"Casa am see\" width=\"1024\" height=\"768\"><\/a><\/p>\n<h3><a href=\"http:\/\/casaledelcontadino.it\/de\/casa-am-see\/\">Casa am see<\/a><\/h3>\n<\/div>\n<\/div>\n<div class=\"text-center\" style=\"padding: 5px 0;\"> Das Agriturismo Casale del Contadino bietet neu renovierte und gepflegte Appartments in unterschiedlichen Gr\u00f6\u00dfen an.<\/div>\n<\/section>\n<section class=\"section-home\">\n<div class=\"lp-section-header\">\n<h2 class=\"lp-section-title\">L&#8217;agriturismo Casale del Contadino<\/h2>\n<\/div>\n<p style=\"text-align: center;\">Das Agriturismo Casale del Contadino, direkt an den Ufern des Bolsena Sees gelegen, befindet sich in der N\u00e4he des romantischen St\u00e4dtchen Bolsena. Die L\u00e4ndereien des landwirtschaftlichen Betriebes befinden sich zwischen den gr\u00fcnen H\u00fcgeln und dem Blau des Wassers vom Bolsena See. Sie werden nach traditionellen Anbaumethoden mit Gem\u00fcse und Fr\u00fcchten bewirtschaftet<br \/>\nDie Appartments, erst k\u00fcrzlich renoviert, sind alle unabh\u00e4ngig und mit Portico oder Terrasse hin zum See ausgerichtet. Sie sind zweckm\u00e4\u00dfig und mit allem notwendigen Komfort eingerichtet.<br \/>\nDie Appartments befinden sich dar\u00fcber hinaus in kurzer Entfernung zum Swimmingpool und einem kleinen Spielplatz f\u00fcr die Kleinsten. Das Seeufer befindet sich nur 200 m entfernt und kann bequem \u00fcber die L\u00e4ndereiein des Agriturismo erreicht werden.. Hier befinden sich kostenlos nutzbare Strandliegen.<\/p>\n<p style=\"text-align: center;\">Ein Urlaubsort f\u00fcr Ferien in ungest\u00f6rter Ruhe.<\/p>\n<\/section>\n<section id=\"\" class=\"lp-blocks lp-blocks1 lp-blocks-rows-3 section-servizi-home\">\n<div class=\"lp-section-header\">\n<h2 class=\"lp-section-title\">Dienstleistungen f\u00fcr unsere G\u00e4ste<\/h2>\n<\/div>\n<div class=\"rem-lp-blocks-inside\">\n<div class=\"lp-block block1\">\n<i class=\"icofont icofont-swimmer\">&nbsp;<\/i><\/p>\n<div class=\"lp-block-content\">\n<h5 class=\"lp-block-title\">Schwimmen<\/h5>\n<\/div>\n<\/div>\n<div class=\"lp-block block2\">\n<i class=\"icofont icofont-wifi\">&nbsp;<\/i><\/p>\n<div class=\"lp-block-content\">\n<h5 class=\"lp-block-title\">Wi-fi<\/h5>\n<\/div>\n<\/div>\n<div class=\"lp-block block3\">\n<i class=\"icofont icofont-beach\">&nbsp;<\/i><\/p>\n<div class=\"lp-block-content\">\n<h5 class=\"lp-block-title\"> Privatstrand<\/h5>\n<\/div>\n<\/div>\n<div class=\"lp-block block4\">\n<i class=\"icofont icofont-animal-dog-alt\">&nbsp;<\/i><\/p>\n<div class=\"lp-block-content\">\n<h5 class=\"lp-block-title\">Haustiere erlaubt<\/h5>\n<\/div>\n<\/div>\n<div class=\"lp-block block5\">\n<i class=\"icofont icofont-children-care\">&nbsp;<\/i><\/p>\n<div class=\"lp-block-content\">\n<h5 class=\"lp-block-title\">Spielbereich<\/h5>\n<\/div>\n<\/div>\n<div class=\"lp-block block6\">\n<i class=\"icofont icofont-fruits\">&nbsp;<\/i><\/p>\n<div class=\"lp-block-content\">\n<h5 class=\"lp-block-title\">Typische Produkte<\/h5>\n<\/div>\n<\/div>\n<\/div>\n<\/section>\n<section class=\"section-home-contact\">\n<div class=\"lp-section-header\">\n<h2 class=\"lp-section-title\">Kontaktieren Sie uns jetzt<\/h2>\n<\/div>\n\n<div class=\"wpcf7 no-js\" id=\"wpcf7-f1942-o1\" lang=\"it-IT\" dir=\"ltr\">\n<div class=\"screen-reader-response\"><p role=\"status\" aria-live=\"polite\" aria-atomic=\"true\"><\/p> <ul><\/ul><\/div>\n<form action=\"\/de\/wp-json\/wp\/v2\/pages\/1829#wpcf7-f1942-o1\" method=\"post\" class=\"wpcf7-form init\" aria-label=\"Modulo di contatto\" novalidate=\"novalidate\" data-status=\"init\">\n<div style=\"display: none;\">\n<input type=\"hidden\" name=\"_wpcf7\" value=\"1942\" \/>\n<input type=\"hidden\" name=\"_wpcf7_version\" value=\"5.7.4\" \/>\n<input type=\"hidden\" name=\"_wpcf7_locale\" value=\"it_IT\" \/>\n<input type=\"hidden\" name=\"_wpcf7_unit_tag\" value=\"wpcf7-f1942-o1\" \/>\n<input type=\"hidden\" name=\"_wpcf7_container_post\" value=\"0\" \/>\n<input type=\"hidden\" name=\"_wpcf7_posted_data_hash\" value=\"\" \/>\n<\/div>\n<div class=\"row\">\n\t<div class=\"col-md-6\">\n\t\t<p><label>Vorname, Name *<br \/>\n<span class=\"wpcf7-form-control-wrap\" data-name=\"nome\"><input size=\"40\" class=\"wpcf7-form-control wpcf7-text wpcf7-validates-as-required\" aria-required=\"true\" aria-invalid=\"false\" value=\"\" type=\"text\" name=\"nome\" \/><\/span><\/label>\n\t\t<\/p>\n\t\t<p><label> Telefon<br \/>\n<span class=\"wpcf7-form-control-wrap\" data-name=\"telefono\"><input size=\"40\" class=\"wpcf7-form-control wpcf7-text\" aria-invalid=\"false\" value=\"\" type=\"text\" name=\"telefono\" \/><\/span><\/label>\n\t\t<\/p>\n\t\t<p><label>Email *<br \/>\n<span class=\"wpcf7-form-control-wrap\" data-name=\"your-email\"><input size=\"40\" class=\"wpcf7-form-control wpcf7-text wpcf7-email wpcf7-validates-as-required wpcf7-validates-as-email\" aria-required=\"true\" aria-invalid=\"false\" value=\"\" type=\"email\" name=\"your-email\" \/><\/span><\/label>\n\t\t<\/p>\n\t<\/div>\n\t<div class=\"col-md-6\">\n\t\t<p><label> Anfrange<br \/>\n<span class=\"wpcf7-form-control-wrap\" data-name=\"your-message\"><textarea cols=\"40\" rows=\"10\" class=\"wpcf7-form-control wpcf7-textarea\" aria-invalid=\"false\" name=\"your-message\"><\/textarea><\/span><\/label>\n\t\t<\/p>\n\t<\/div>\n<\/div>\n<div class=\"row\">\n\t<div class=\"col-md-12\">\n\t\t<p class=\"text-center\"><br \/>\n<span class=\"wpcf7-form-control-wrap\" data-name=\"acceptance-407\"><span class=\"wpcf7-form-control wpcf7-acceptance\"><span class=\"wpcf7-list-item\"><input type=\"checkbox\" name=\"acceptance-407\" value=\"1\" id=\"privacy\" aria-invalid=\"false\" \/><\/span><\/span><\/span><a href=\"http:\/\/casaledelcontadino.it\/de\/privacy-policy\/\">Ich erlaube die Nutzung meiner pers\u00f6nlichen Daten<\/a>\n\t\t<\/p>\n\t<\/div>\n<\/div>\n<div class=\"row\">\n\t<div class=\"col-md-12\">\n\t\t<p class=\"text-center\"><input class=\"wpcf7-form-control has-spinner wpcf7-submit\" type=\"submit\" value=\"Absenden\" \/>\n\t\t<\/p>\n\t\t<p><small><strong> required <\/strong><\/small>\n\t\t<\/p>\n\t<\/div>\n<\/div><p style=\"display: none !important;\"><label>&#916;<textarea name=\"_wpcf7_ak_hp_textarea\" cols=\"45\" rows=\"8\" maxlength=\"100\"><\/textarea><\/label><input type=\"hidden\" id=\"ak_js_1\" name=\"_wpcf7_ak_js\" value=\"224\"\/><script>document.getElementById( \"ak_js_1\" ).setAttribute( \"value\", ( new Date() ).getTime() );<\/script><\/p><div class=\"wpcf7-response-output\" aria-hidden=\"true\"><\/div>\n<\/form>\n<\/div>\n\n<\/section>\n","protected":false},"excerpt":{"rendered":"<p>Unsere Appartments Volsini Velzna Voltumna Miralago Belvedere Casa am see Das Agriturismo Casale del Contadino bietet neu renovierte und gepflegte Appartments in unterschiedlichen Gr\u00f6\u00dfen an. L&#8217;agriturismo Casale del Contadino Das Agriturismo Casale del Contadino, direkt an den Ufern des Bolsena Sees gelegen, befindet sich in der N\u00e4he des romantischen St\u00e4dtchen &hellip;<\/p>\n","protected":false},"author":1,"featured_media":2401,"parent":0,"menu_order":0,"comment_status":"closed","ping_status":"closed","template":"","meta":[],"_links":{"self":[{"href":"https:\/\/casaledelcontadino.it\/de\/wp-json\/wp\/v2\/pages\/1829"}],"collection":[{"href":"https:\/\/casaledelcontadino.it\/de\/wp-json\/wp\/v2\/pages"}],"about":[{"href":"https:\/\/casaledelcontadino.it\/de\/wp-json\/wp\/v2\/types\/page"}],"author":[{"embeddable":true,"href":"https:\/\/casaledelcontadino.it\/de\/wp-json\/wp\/v2\/users\/1"}],"replies":[{"embeddable":true,"href":"https:\/\/casaledelcontadino.it\/de\/wp-json\/wp\/v2\/comments?post=1829"}],"version-history":[{"count":14,"href":"https:\/\/casaledelcontadino.it\/de\/wp-json\/wp\/v2\/pages\/1829\/revisions"}],"predecessor-version":[{"id":3818,"href":"https:\/\/casaledelcontadino.it\/de\/wp-json\/wp\/v2\/pages\/1829\/revisions\/3818"}],"wp:featuredmedia":[{"embeddable":true,"href":"https:\/\/casaledelcontadino.it\/de\/wp-json\/wp\/v2\/media\/2401"}],"wp:attachment":[{"href":"https:\/\/casaledelcontadino.it\/de\/wp-json\/wp\/v2\/media?parent=1829"}],"curies":[{"name":"wp","href":"https:\/\/api.w.org\/{rel}","templated":true}]}}