{"id":435,"date":"2014-03-19T12:24:34","date_gmt":"2014-03-19T11:24:34","guid":{"rendered":"http:\/\/localhost.contadino\/voltumna-2\/"},"modified":"2026-02-02T12:03:05","modified_gmt":"2026-02-02T11:03:05","slug":"voltumna","status":"publish","type":"page","link":"https:\/\/casaledelcontadino.it\/de\/voltumna\/","title":{"rendered":"Voltumna"},"content":{"rendered":"<div class=\"row\">\n<div class=\"col-md-8\">\n\t\t<div id=\"serious-slider-39-rnd9116\" class=\"cryout-serious-slider seriousslider serious-slider-39-rnd9116 cryout-serious-slider-39 seriousslider-overlay1 seriousslider-light seriousslider-shadow-none seriousslider-responsive-maintain seriousslider-hidetitles-1 seriousslider-slide seriousslider-sizing0 seriousslider-aligncenter seriousslider-caption-animation-slide seriousslider-textstyle-textshadow\" data-ride=\"seriousslider\">\n\t\t\t<div class=\"seriousslider-inner\" role=\"listbox\">\n\n\t\t\t\n\t\t\t<div class=\"item slide-1 active\" role=\"option\">\n\t\t\t\t\t\t\t\t<a  >\n\t\t\t\t\t<img class=\"item-image\" src=\"https:\/\/casaledelcontadino.it\/wp-content\/uploads\/2018\/07\/voltumna.jpg\" alt=\"Giardino Voltumna\" >\n\t\t\t\t<\/a>\n\t\t\t\t\t\t\t\t\t\t\t\t<div class=\"seriousslider-caption\">\n\t\t\t\t\t<div class=\"seriousslider-caption-inside\">\n\t\t\t\t\t\t\t\t\t\t\t\t\t\t\t\t\t\t<div class=\"seriousslider-caption-buttons\">\n\t\t\t\t\t\t\t\t\t\t\t\t\t\t\t\t\t\t\t\t\t\t\t\t\t\t\t\t\t\t\t\t\t\t\t\t\t\t\t\t\t\t\t<\/div>\n\t\t\t\t\t<\/div><!--seriousslider-caption-inside-->\n\t\t\t\t<\/div><!--seriousslider-caption-->\n\t\t\t\t\t\t\t\t<div class=\"seriousslider-hloader\"><\/div>\n\t\t\t\t<figure class=\"seriousslider-cloader\">\n\t\t\t\t\t<svg width=\"200\" height=\"200\">\n\t\t\t\t\t\t<circle cx=\"95\" cy=\"95\" r=\"20\" transform=\"rotate(-90, 95, 95)\"\/>\n\t\t\t\t\t<\/svg>\n\t\t\t  <\/figure>\n\t\t\t<\/div>\n\n\t\t\t\n\t\t\t<div class=\"item slide-2 \" role=\"option\">\n\t\t\t\t\t\t\t\t<a  >\n\t\t\t\t\t<img class=\"item-image\" src=\"https:\/\/casaledelcontadino.it\/wp-content\/uploads\/2018\/07\/voltumna-camera-2.jpg\" alt=\"voltumna-camera-2\" >\n\t\t\t\t<\/a>\n\t\t\t\t\t\t\t\t\t\t\t\t<div class=\"seriousslider-caption\">\n\t\t\t\t\t<div class=\"seriousslider-caption-inside\">\n\t\t\t\t\t\t\t\t\t\t\t\t\t\t\t\t\t\t<div class=\"seriousslider-caption-buttons\">\n\t\t\t\t\t\t\t\t\t\t\t\t\t\t\t\t\t\t\t\t\t\t\t\t\t\t\t\t\t\t\t\t\t\t\t\t\t\t\t\t\t\t\t<\/div>\n\t\t\t\t\t<\/div><!--seriousslider-caption-inside-->\n\t\t\t\t<\/div><!--seriousslider-caption-->\n\t\t\t\t\t\t\t\t<div class=\"seriousslider-hloader\"><\/div>\n\t\t\t\t<figure class=\"seriousslider-cloader\">\n\t\t\t\t\t<svg width=\"200\" height=\"200\">\n\t\t\t\t\t\t<circle cx=\"95\" cy=\"95\" r=\"20\" transform=\"rotate(-90, 95, 95)\"\/>\n\t\t\t\t\t<\/svg>\n\t\t\t  <\/figure>\n\t\t\t<\/div>\n\n\t\t\t\n\t\t\t<div class=\"item slide-3 \" role=\"option\">\n\t\t\t\t\t\t\t\t<a  >\n\t\t\t\t\t<img class=\"item-image\" src=\"https:\/\/casaledelcontadino.it\/wp-content\/uploads\/2018\/07\/voltumna-camera.jpg\" alt=\"voltumna-camera\" >\n\t\t\t\t<\/a>\n\t\t\t\t\t\t\t\t\t\t\t\t<div class=\"seriousslider-caption\">\n\t\t\t\t\t<div class=\"seriousslider-caption-inside\">\n\t\t\t\t\t\t\t\t\t\t\t\t\t\t\t\t\t\t<div class=\"seriousslider-caption-buttons\">\n\t\t\t\t\t\t\t\t\t\t\t\t\t\t\t\t\t\t\t\t\t\t\t\t\t\t\t\t\t\t\t\t\t\t\t\t\t\t\t\t\t\t\t<\/div>\n\t\t\t\t\t<\/div><!--seriousslider-caption-inside-->\n\t\t\t\t<\/div><!--seriousslider-caption-->\n\t\t\t\t\t\t\t\t<div class=\"seriousslider-hloader\"><\/div>\n\t\t\t\t<figure class=\"seriousslider-cloader\">\n\t\t\t\t\t<svg width=\"200\" height=\"200\">\n\t\t\t\t\t\t<circle cx=\"95\" cy=\"95\" r=\"20\" transform=\"rotate(-90, 95, 95)\"\/>\n\t\t\t\t\t<\/svg>\n\t\t\t  <\/figure>\n\t\t\t<\/div>\n\n\t\t\t\n\t\t\t<div class=\"item slide-4 \" role=\"option\">\n\t\t\t\t\t\t\t\t<a  >\n\t\t\t\t\t<img class=\"item-image\" src=\"https:\/\/casaledelcontadino.it\/wp-content\/uploads\/2018\/07\/voltumna-soggiorno-panoramica.jpg\" alt=\"voltumna-soggiorno-panoramica\" >\n\t\t\t\t<\/a>\n\t\t\t\t\t\t\t\t\t\t\t\t<div class=\"seriousslider-caption\">\n\t\t\t\t\t<div class=\"seriousslider-caption-inside\">\n\t\t\t\t\t\t\t\t\t\t\t\t\t\t\t\t\t\t<div class=\"seriousslider-caption-buttons\">\n\t\t\t\t\t\t\t\t\t\t\t\t\t\t\t\t\t\t\t\t\t\t\t\t\t\t\t\t\t\t\t\t\t\t\t\t\t\t\t\t\t\t\t<\/div>\n\t\t\t\t\t<\/div><!--seriousslider-caption-inside-->\n\t\t\t\t<\/div><!--seriousslider-caption-->\n\t\t\t\t\t\t\t\t<div class=\"seriousslider-hloader\"><\/div>\n\t\t\t\t<figure class=\"seriousslider-cloader\">\n\t\t\t\t\t<svg width=\"200\" height=\"200\">\n\t\t\t\t\t\t<circle cx=\"95\" cy=\"95\" r=\"20\" transform=\"rotate(-90, 95, 95)\"\/>\n\t\t\t\t\t<\/svg>\n\t\t\t  <\/figure>\n\t\t\t<\/div>\n\n\t\t\t\n\t\t\t<div class=\"item slide-5 \" role=\"option\">\n\t\t\t\t\t\t\t\t<a  >\n\t\t\t\t\t<img class=\"item-image\" src=\"https:\/\/casaledelcontadino.it\/wp-content\/uploads\/2018\/07\/voltumna-bagno.jpg\" alt=\"voltumna-bagno\" >\n\t\t\t\t<\/a>\n\t\t\t\t\t\t\t\t\t\t\t\t<div class=\"seriousslider-caption\">\n\t\t\t\t\t<div class=\"seriousslider-caption-inside\">\n\t\t\t\t\t\t\t\t\t\t\t\t\t\t\t\t\t\t<div class=\"seriousslider-caption-buttons\">\n\t\t\t\t\t\t\t\t\t\t\t\t\t\t\t\t\t\t\t\t\t\t\t\t\t\t\t\t\t\t\t\t\t\t\t\t\t\t\t\t\t\t\t<\/div>\n\t\t\t\t\t<\/div><!--seriousslider-caption-inside-->\n\t\t\t\t<\/div><!--seriousslider-caption-->\n\t\t\t\t\t\t\t\t<div class=\"seriousslider-hloader\"><\/div>\n\t\t\t\t<figure class=\"seriousslider-cloader\">\n\t\t\t\t\t<svg width=\"200\" height=\"200\">\n\t\t\t\t\t\t<circle cx=\"95\" cy=\"95\" r=\"20\" transform=\"rotate(-90, 95, 95)\"\/>\n\t\t\t\t\t<\/svg>\n\t\t\t  <\/figure>\n\t\t\t<\/div>\n\n\t\t\t\t\t\t<\/div>\n\n\t\t\t<div class=\"seriousslider-indicators\">\n\t\t\t\t<ol class=\"seriousslider-indicators-inside\">\n\t\t\t\t\t\t\t\t\t\t<li data-target=\"#serious-slider-39-rnd9116\" data-slide-to=\"0\" class=\"active\"><\/li>\n\t\t\t\t\t\t\t\t\t\t<li data-target=\"#serious-slider-39-rnd9116\" data-slide-to=\"1\" ><\/li>\n\t\t\t\t\t\t\t\t\t\t<li data-target=\"#serious-slider-39-rnd9116\" data-slide-to=\"2\" ><\/li>\n\t\t\t\t\t\t\t\t\t\t<li data-target=\"#serious-slider-39-rnd9116\" data-slide-to=\"3\" ><\/li>\n\t\t\t\t\t\t\t\t\t\t<li data-target=\"#serious-slider-39-rnd9116\" data-slide-to=\"4\" ><\/li>\n\t\t\t\t\t\t\t\t\t<\/ol>\n\t\t\t<\/div>\n\n\t\t\t<button class=\"left seriousslider-control\" data-target=\"#serious-slider-39-rnd9116\" role=\"button\" data-slide=\"prev\">\n\t\t\t  <span class=\"sicon-prev control-arrow\" aria-hidden=\"true\"><\/span>\n\t\t\t  <span class=\"sr-only\">Previous Slide<\/span>\n\t\t\t<\/button>\n\t\t\t<button class=\"right seriousslider-control\" data-target=\"#serious-slider-39-rnd9116\" role=\"button\" data-slide=\"next\">\n\t\t\t  <span class=\"sicon-next control-arrow\" aria-hidden=\"true\"><\/span>\n\t\t\t  <span class=\"sr-only\">Next Slide<\/span>\n\t\t\t<\/button>\n\t\t<\/div>\n\t\t\n<p>Dem Swimmingpool gegen\u00fcber und im Erdgescho\u00df gelegen, enth\u00e4lt<br \/>\ndiese Ferienwohnung von 65 qm eine Wohnk\u00fcche mit Geschirrsp\u00fcler und<br \/>\nSatelliten-TV, zwei Schlafr\u00e4ume und ein Bad.<br \/>\n<span lang=\"de-DE\">Sie verf\u00fcgt au\u00dferdem \u00fcber einen Portico von 15 qm mit Tisch<br \/>\nund St\u00fchlen sowie einen Garten.<\/span><\/p>\n<p><span lang=\"de-DE\">Es gibt einen eigenen Parkplatz. Die Wohnung ist 20 m vom<br \/>\nSwimmingpool und 300 m vom See entfernt.<\/span><\/p>\n<\/div>\n<div class=\"col-md-4\">\n<section class=\"section-appartamenti-servizi\">\n<div class=\"lp-section-header\">\n<h2 class=\"lp-section-title\">Service<\/h2>\n<\/div>\n<ul>\n<li>Satellitenfernsehen<\/li>\n<li>Digitales Fernsehen<\/li>\n<li>Grill<\/li>\n<li>Waschmaschine<\/li>\n<li>Bett- und Badw\u00e4sche<\/li>\n<li>Kostenlose Toilettenartikel<\/li>\n<li>Kostenloses WLAN<\/li>\n<li>Backofen<\/li>\n<li>Mokkakanne (Espressokocher f\u00fcr den Herd)<\/li>\n<li>Geschirrsp\u00fcler<\/li>\n<li>Geschirr und Besteck<\/li>\n<li>Heizung<\/li>\n<li>Kleiderb\u00fcgel<\/li>\n<li>Pool<\/li>\n<li>Privater Eingang<\/li>\n<li>Reservierter Strandbereich mit Sonnenliegen<\/li>\n<li>\u00dcberdachter Stellplatz<\/li>\n<li>Verkauf von frischem Obst und Gem\u00fcse sowie nativem Oliven\u00f6l extra<\/li>\n<li>Kostenloser Parkplatz<\/li>\n<li>Insektenschutzgitter<\/li>\n<\/ul>\n<\/section>\n<section class=\"section-appartamenti-mappa\">\n<div class=\"lp-section-header\">\n<h2 class=\"lp-section-title\">Karte<\/h2>\n<\/div>\n<p><img decoding=\"async\" class=\"img-responsive\" src=\"http:\/\/casaledelcontadino.it\/wp-content\/uploads\/2018\/07\/mappa-voltumna-de-1.png\" alt=\"Voltumna\"><\/p>\n<\/section>\n<\/div>\n<\/div>\n<section class=\"section-appartamenti-prezzi\">\n<div class=\"lp-section-header\">\n<h2 class=\"lp-section-title\">Preise<\/h2>\n<\/div>\n<style>    #box-pren-xenion {        background-color: rgba(0,0,0,0.1);        padding-top: 10px;        padding-bottom: 22px;        padding-left: 10px;        padding-right: 6px;        position: relative;    }    @media (max-width: 991px) {        #box-pren-xenion {            padding-right: 10px;            padding-bottom: 3px;        }    }    @media (max-width: 991px) {        #box-pren-xenion .col-pren {            padding-right: 3px;            padding-bottom: 3px;        }    }    #box-pren-xenion .btn-search {        background-color: #4dab66;    }    @media (max-width: 991px) {        #box-pren-xenion .col-pren {            padding-top: 3px;        }    }{\n\/* insert here additional code *\/\n\n}<\/style><div id='box-pren-xenion' ng-app='xenMain' ng-controller='mainCtrl'><div class='bootstrap-xenion'><div class='col-md-12 title' ng-class=\"{'col-pren-active':elementwithfocus=='ci'}\" >Online-Reservierung<\/div><div class='clearfix'><\/div><div class='col-md-2 col-pren' ng-class=\"{'col-pren-active':elementwithfocus=='ci'}\" >    <input id='checkIn' type='text' placeholder='Check-in' class='form-control form-control-date input-text' ng-focus=\"focus('ci')\" ng-change='changeDate()' ng-model='prenotazione.dataDa' data-min-date='{{today}}' name='date' bs-datepicker><\/div><div class='col-md-2 col-pren' ng-class=\"{'col-pren-active':elementwithfocus=='co'}\" >    <input id='checkOut' type='text' placeholder='Check-out' class='form-control form-control-date input-text' ng-focus=\"focus('co')\" ng-change='changeDate()' ng-model='prenotazione.dataAl' name='date' bs-datepicker><\/div><div class='col-md-3 col-pren' ng-class=\"{'col-pren-active':elementwithfocus=='tipall'}\" >    <select ng-focus=\"focus('tipall')\" ng-model='prenotazione.idmacrotipologiaall' class='form-control input-select'>        <option value='' selected>Unterkunftstyp<\/option>        <option value='1'>Wohnung<\/option>    <\/select><\/div><div class='col-md-2 col-pren' ng-class=\"{'col-pren-active':elementwithfocus=='adulti'}\" >    <select ng-focus=\"focus('adulti')\" ng-model='prenotazione.numAdulti' class='form-control input-select'>        <option value='' selected>Erwachsene<\/option><option value='1'>1 erwachsene<\/option><option value='2'>2 erwachsene<\/option><option value='3'>3 erwachsene<\/option><option value='4'>4 erwachsene<\/option><option value='5'>5 erwachsene<\/option><option value='6'>6 erwachsene<\/option><option value='7'>7 erwachsene<\/option><option value='8'>8 erwachsene<\/option><option value='9'>9 erwachsene<\/option><option value='10'>10 erwachsene<\/option><option value='11'>11 erwachsene<\/option><option value='12'>12 erwachsene<\/option><option value='13'>13 erwachsene<\/option><option value='14'>14 erwachsene<\/option><option value='15'>15 erwachsene<\/option><option value='16'>16 erwachsene<\/option><option value='17'>17 erwachsene<\/option><option value='18'>18 erwachsene<\/option><option value='19'>19 erwachsene<\/option><option value='20'>20 erwachsene<\/option>    <\/select><\/div><div class='col-md-2 col-pren' ng-class=\"{'col-pren-active':elementwithfocus=='bambini'}\" >    <select ng-focus=\"focus('bambini')\" ng-model='prenotazione.numBambini' class='form-control input-select'>        <option value='' disabled selected>Kinder<\/option><option value='0'>0 kinder<\/option><option value='1'>1 baby<\/option><option value='2'>2 kinder<\/option><option value='3'>3 kinder<\/option><option value='4'>4 kinder<\/option><option value='5'>5 kinder<\/option><option value='6'>6 kinder<\/option><option value='7'>7 kinder<\/option><option value='8'>8 kinder<\/option><option value='9'>9 kinder<\/option><option value='10'>10 kinder<\/option><option value='11'>11 kinder<\/option><option value='12'>12 kinder<\/option><option value='13'>13 kinder<\/option><option value='14'>14 kinder<\/option><option value='15'>15 kinder<\/option>    <\/select><\/div><div class='col-xs-6 col-sm-3 col-md-1 col-search'>   <a ng-click='startSearch()' ng-disabled='prenotazione.dateOK==undefined' class='btn btn-sm btn-primary btn-search'>Suche<\/a><\/div><div class='clearfix'><\/div><div ng-cloak><\/div><div class='clearfix'><\/div><div class='col-md-12 powered-by'>powered by <a class='link-xenion' target='_new' href='http:\/\/www.xenion.it\/'><u>xenion<\/u><\/a><\/div><\/div><\/div><script>    __testDatePk = '0';<\/script>\n<table id=\"rates-table\" class=\"rates-table\" style=\"width: 100%; height: 138px;\">\n<tbody>\n<tr style=\"height: 23px;\">\n<td style=\"height: 23px;\">Nebensaison<\/td>\n<td style=\"height: 23px;\">02\/01\/26<\/td>\n<td style=\"height: 23px;\">18\/06\/26<\/td>\n<td style=\"height: 23px;\">\u20ac 125<\/td>\n<td style=\"height: 23px;\">\u20ac 875<\/td>\n<\/tr>\n<tr style=\"height: 23px;\">\n<td style=\"height: 23px;\">Zwischensaison<\/td>\n<td style=\"height: 23px;\">19\/06\/26<\/td>\n<td style=\"height: 23px;\">10\/07\/26<\/td>\n<td style=\"height: 23px;\">\u20ac 135<\/td>\n<td style=\"height: 23px;\">\u20ac 945<\/td>\n<\/tr>\n<tr style=\"height: 23px;\">\n<td style=\"height: 23px;\">Hochsaison<\/td>\n<td style=\"height: 23px;\">11\/07\/26<\/td>\n<td style=\"height: 23px;\">28\/08\/26<\/td>\n<td style=\"height: 23px;\">\u20ac 175<\/td>\n<td style=\"height: 23px;\">\u20ac 1225<\/td>\n<\/tr>\n<tr style=\"height: 23px;\">\n<td style=\"height: 23px;\">Zwischensaison<\/td>\n<td style=\"height: 23px;\">29\/08\/26<\/td>\n<td style=\"height: 23px;\">19\/09\/26<\/td>\n<td style=\"height: 23px;\">\u20ac 135<\/td>\n<td style=\"height: 23px;\">\u20ac 945<\/td>\n<\/tr>\n<tr style=\"height: 23px;\">\n<td style=\"height: 23px;\">Nebensaison<\/td>\n<td style=\"height: 23px;\">20\/09\/26<\/td>\n<td style=\"height: 23px;\">29\/12\/26<\/td>\n<td style=\"height: 23px;\">\u20ac 125<\/td>\n<td style=\"height: 23px;\">\u20ac 875<\/td>\n<\/tr>\n<tr style=\"height: 23px;\">\n<td style=\"height: 23px;\">Silvester<\/td>\n<td style=\"height: 23px;\"><\/td>\n<td style=\"height: 23px;\"><\/td>\n<td style=\"height: 23px;\">\u20ac 280<\/td>\n<td style=\"height: 23px;\">\u20ac 280<\/td>\n<\/tr>\n<\/tbody>\n<\/table>\n<p class=\"p1\">Kurtaxe: 1,50 \u20ac pro Tag f\u00fcr die ersten 7 Tage; Kinder unter 10 Jahren und G\u00e4ste \u00fcber 80 sind befreit.<\/p>\n<p><strong>Stornierungsbedingungen<\/strong><br \/>\nNach Best\u00e4tigung der Reservierung wird eine Anzahlung f\u00e4llig. Diese betr\u00e4gt 30% des Gesamtpreises; restlichen Betrag zahlen Sie nach Ihrer Ankunft im Agriturismo. Stornierung: &#8211; bis 28 Tage vor Anreise werden keine Geb\u00fchren erhoben. &#8211; ab dem 27 Tag vor Anreise wird die Anzahlung einbehalten.<\/p>\n<\/section>\n<div id='gallery-1' class='gallery galleryid-2033 gallery-columns-4 gallery-size-medium'><figure class='gallery-item'>\n\t\t\t<div class='gallery-icon landscape'>\n\t\t\t\t<a href='https:\/\/casaledelcontadino.it\/wp-content\/uploads\/2018\/07\/IMG_8810-1.jpg'><img width=\"300\" height=\"200\" src=\"https:\/\/casaledelcontadino.it\/wp-content\/uploads\/2018\/07\/IMG_8810-1-300x200.jpg\" class=\"attachment-medium size-medium\" alt=\"\" decoding=\"async\" loading=\"lazy\" srcset=\"https:\/\/casaledelcontadino.it\/wp-content\/uploads\/2018\/07\/IMG_8810-1-300x200.jpg 300w, https:\/\/casaledelcontadino.it\/wp-content\/uploads\/2018\/07\/IMG_8810-1-768x512.jpg 768w, https:\/\/casaledelcontadino.it\/wp-content\/uploads\/2018\/07\/IMG_8810-1-1024x683.jpg 1024w, https:\/\/casaledelcontadino.it\/wp-content\/uploads\/2018\/07\/IMG_8810-1.jpg 1920w\" sizes=\"(max-width: 300px) 100vw, 300px\" \/><\/a>\n\t\t\t<\/div><\/figure><figure class='gallery-item'>\n\t\t\t<div class='gallery-icon landscape'>\n\t\t\t\t<a href='https:\/\/casaledelcontadino.it\/wp-content\/uploads\/2018\/07\/spiaggia.jpg'><img width=\"300\" height=\"200\" src=\"https:\/\/casaledelcontadino.it\/wp-content\/uploads\/2018\/07\/spiaggia-300x200.jpg\" class=\"attachment-medium size-medium\" alt=\"\" decoding=\"async\" loading=\"lazy\" srcset=\"https:\/\/casaledelcontadino.it\/wp-content\/uploads\/2018\/07\/spiaggia-300x200.jpg 300w, https:\/\/casaledelcontadino.it\/wp-content\/uploads\/2018\/07\/spiaggia-768x512.jpg 768w, https:\/\/casaledelcontadino.it\/wp-content\/uploads\/2018\/07\/spiaggia-1024x683.jpg 1024w, https:\/\/casaledelcontadino.it\/wp-content\/uploads\/2018\/07\/spiaggia.jpg 1920w\" sizes=\"(max-width: 300px) 100vw, 300px\" \/><\/a>\n\t\t\t<\/div><\/figure><figure class='gallery-item'>\n\t\t\t<div class='gallery-icon landscape'>\n\t\t\t\t<a href='https:\/\/casaledelcontadino.it\/wp-content\/uploads\/2018\/07\/spiaggia-2.jpg'><img width=\"300\" height=\"200\" src=\"https:\/\/casaledelcontadino.it\/wp-content\/uploads\/2018\/07\/spiaggia-2-300x200.jpg\" class=\"attachment-medium size-medium\" alt=\"\" decoding=\"async\" loading=\"lazy\" srcset=\"https:\/\/casaledelcontadino.it\/wp-content\/uploads\/2018\/07\/spiaggia-2-300x200.jpg 300w, https:\/\/casaledelcontadino.it\/wp-content\/uploads\/2018\/07\/spiaggia-2-768x512.jpg 768w, https:\/\/casaledelcontadino.it\/wp-content\/uploads\/2018\/07\/spiaggia-2-1024x682.jpg 1024w, https:\/\/casaledelcontadino.it\/wp-content\/uploads\/2018\/07\/spiaggia-2.jpg 1280w\" sizes=\"(max-width: 300px) 100vw, 300px\" \/><\/a>\n\t\t\t<\/div><\/figure><figure class='gallery-item'>\n\t\t\t<div class='gallery-icon landscape'>\n\t\t\t\t<a href='https:\/\/casaledelcontadino.it\/wp-content\/uploads\/2018\/07\/IMG_8885-2-e1531911651454.jpg'><img width=\"300\" height=\"200\" src=\"https:\/\/casaledelcontadino.it\/wp-content\/uploads\/2018\/07\/IMG_8885-2-e1531828635860-300x200.jpg\" class=\"attachment-medium size-medium\" alt=\"\" decoding=\"async\" loading=\"lazy\" srcset=\"https:\/\/casaledelcontadino.it\/wp-content\/uploads\/2018\/07\/IMG_8885-2-e1531828635860-300x200.jpg 300w, https:\/\/casaledelcontadino.it\/wp-content\/uploads\/2018\/07\/IMG_8885-2-e1531828635860-768x512.jpg 768w, https:\/\/casaledelcontadino.it\/wp-content\/uploads\/2018\/07\/IMG_8885-2-e1531828635860-1024x683.jpg 1024w, https:\/\/casaledelcontadino.it\/wp-content\/uploads\/2018\/07\/IMG_8885-2-e1531828635860.jpg 1920w\" sizes=\"(max-width: 300px) 100vw, 300px\" \/><\/a>\n\t\t\t<\/div><\/figure><figure class='gallery-item'>\n\t\t\t<div class='gallery-icon landscape'>\n\t\t\t\t<a href='https:\/\/casaledelcontadino.it\/wp-content\/uploads\/2021\/02\/MDF_0018.jpg'><img width=\"300\" height=\"200\" src=\"https:\/\/casaledelcontadino.it\/wp-content\/uploads\/2021\/02\/MDF_0018-300x200.jpg\" class=\"attachment-medium size-medium\" alt=\"\" decoding=\"async\" loading=\"lazy\" srcset=\"https:\/\/casaledelcontadino.it\/wp-content\/uploads\/2021\/02\/MDF_0018-300x200.jpg 300w, https:\/\/casaledelcontadino.it\/wp-content\/uploads\/2021\/02\/MDF_0018-768x511.jpg 768w, https:\/\/casaledelcontadino.it\/wp-content\/uploads\/2021\/02\/MDF_0018-1024x681.jpg 1024w, https:\/\/casaledelcontadino.it\/wp-content\/uploads\/2021\/02\/MDF_0018-301x200.jpg 301w, https:\/\/casaledelcontadino.it\/wp-content\/uploads\/2021\/02\/MDF_0018.jpg 1980w\" sizes=\"(max-width: 300px) 100vw, 300px\" \/><\/a>\n\t\t\t<\/div><\/figure><figure class='gallery-item'>\n\t\t\t<div class='gallery-icon landscape'>\n\t\t\t\t<a href='https:\/\/casaledelcontadino.it\/wp-content\/uploads\/2021\/02\/IMG_6574.jpg'><img width=\"300\" height=\"200\" src=\"https:\/\/casaledelcontadino.it\/wp-content\/uploads\/2021\/02\/IMG_6574-300x200.jpg\" class=\"attachment-medium size-medium\" alt=\"\" decoding=\"async\" loading=\"lazy\" srcset=\"https:\/\/casaledelcontadino.it\/wp-content\/uploads\/2021\/02\/IMG_6574-300x200.jpg 300w, https:\/\/casaledelcontadino.it\/wp-content\/uploads\/2021\/02\/IMG_6574-768x512.jpg 768w, https:\/\/casaledelcontadino.it\/wp-content\/uploads\/2021\/02\/IMG_6574-1024x683.jpg 1024w, https:\/\/casaledelcontadino.it\/wp-content\/uploads\/2021\/02\/IMG_6574.jpg 1980w\" sizes=\"(max-width: 300px) 100vw, 300px\" \/><\/a>\n\t\t\t<\/div><\/figure><figure class='gallery-item'>\n\t\t\t<div class='gallery-icon landscape'>\n\t\t\t\t<a href='https:\/\/casaledelcontadino.it\/wp-content\/uploads\/2021\/02\/IMG_6305.jpg'><img width=\"300\" height=\"200\" src=\"https:\/\/casaledelcontadino.it\/wp-content\/uploads\/2021\/02\/IMG_6305-300x200.jpg\" class=\"attachment-medium size-medium\" alt=\"\" decoding=\"async\" loading=\"lazy\" srcset=\"https:\/\/casaledelcontadino.it\/wp-content\/uploads\/2021\/02\/IMG_6305-300x200.jpg 300w, https:\/\/casaledelcontadino.it\/wp-content\/uploads\/2021\/02\/IMG_6305-768x512.jpg 768w, https:\/\/casaledelcontadino.it\/wp-content\/uploads\/2021\/02\/IMG_6305-1024x683.jpg 1024w, https:\/\/casaledelcontadino.it\/wp-content\/uploads\/2021\/02\/IMG_6305.jpg 1980w\" sizes=\"(max-width: 300px) 100vw, 300px\" \/><\/a>\n\t\t\t<\/div><\/figure><figure class='gallery-item'>\n\t\t\t<div class='gallery-icon landscape'>\n\t\t\t\t<a href='https:\/\/casaledelcontadino.it\/wp-content\/uploads\/2021\/02\/DJI_0002.jpg'><img width=\"300\" height=\"178\" src=\"https:\/\/casaledelcontadino.it\/wp-content\/uploads\/2021\/02\/DJI_0002-300x178.jpg\" class=\"attachment-medium size-medium\" alt=\"\" decoding=\"async\" loading=\"lazy\" srcset=\"https:\/\/casaledelcontadino.it\/wp-content\/uploads\/2021\/02\/DJI_0002-300x178.jpg 300w, https:\/\/casaledelcontadino.it\/wp-content\/uploads\/2021\/02\/DJI_0002-768x457.jpg 768w, https:\/\/casaledelcontadino.it\/wp-content\/uploads\/2021\/02\/DJI_0002-1024x609.jpg 1024w, https:\/\/casaledelcontadino.it\/wp-content\/uploads\/2021\/02\/DJI_0002-336x200.jpg 336w, https:\/\/casaledelcontadino.it\/wp-content\/uploads\/2021\/02\/DJI_0002.jpg 1980w\" sizes=\"(max-width: 300px) 100vw, 300px\" \/><\/a>\n\t\t\t<\/div><\/figure>\n\t\t<\/div>\n\n","protected":false},"excerpt":{"rendered":"<p>Dem Swimmingpool gegen\u00fcber und im Erdgescho\u00df gelegen, enth\u00e4lt diese Ferienwohnung von 65 qm eine Wohnk\u00fcche mit Geschirrsp\u00fcler und Satelliten-TV, zwei Schlafr\u00e4ume und ein Bad. Sie verf\u00fcgt au\u00dferdem \u00fcber einen Portico von 15 qm mit Tisch und St\u00fchlen sowie einen Garten. Es gibt einen eigenen Parkplatz. Die Wohnung ist 20 m &hellip;<\/p>\n","protected":false},"author":1,"featured_media":0,"parent":0,"menu_order":0,"comment_status":"closed","ping_status":"closed","template":"","meta":[],"_links":{"self":[{"href":"https:\/\/casaledelcontadino.it\/de\/wp-json\/wp\/v2\/pages\/435"}],"collection":[{"href":"https:\/\/casaledelcontadino.it\/de\/wp-json\/wp\/v2\/pages"}],"about":[{"href":"https:\/\/casaledelcontadino.it\/de\/wp-json\/wp\/v2\/types\/page"}],"author":[{"embeddable":true,"href":"https:\/\/casaledelcontadino.it\/de\/wp-json\/wp\/v2\/users\/1"}],"replies":[{"embeddable":true,"href":"https:\/\/casaledelcontadino.it\/de\/wp-json\/wp\/v2\/comments?post=435"}],"version-history":[{"count":42,"href":"https:\/\/casaledelcontadino.it\/de\/wp-json\/wp\/v2\/pages\/435\/revisions"}],"predecessor-version":[{"id":4019,"href":"https:\/\/casaledelcontadino.it\/de\/wp-json\/wp\/v2\/pages\/435\/revisions\/4019"}],"wp:attachment":[{"href":"https:\/\/casaledelcontadino.it\/de\/wp-json\/wp\/v2\/media?parent=435"}],"curies":[{"name":"wp","href":"https:\/\/api.w.org\/{rel}","templated":true}]}}