{"id":468,"date":"2014-03-12T21:46:30","date_gmt":"2014-03-12T20:46:30","guid":{"rendered":"http:\/\/localhost.contadino\/dintorni-2\/"},"modified":"2018-07-16T09:04:00","modified_gmt":"2018-07-16T07:04:00","slug":"die-umgebung","status":"publish","type":"page","link":"https:\/\/casaledelcontadino.it\/de\/die-umgebung\/","title":{"rendered":"Die Umgebung"},"content":{"rendered":"<p><img decoding=\"async\" loading=\"lazy\" class=\"aligncenter size-full wp-image-1817\" src=\"http:\/\/casaledelcontadino.it\/wp-content\/uploads\/2018\/07\/lago-di-Bolsena.jpg\" alt=\"\" width=\"1920\" height=\"928\" srcset=\"https:\/\/casaledelcontadino.it\/wp-content\/uploads\/2018\/07\/lago-di-Bolsena.jpg 1920w, https:\/\/casaledelcontadino.it\/wp-content\/uploads\/2018\/07\/lago-di-Bolsena-300x145.jpg 300w, https:\/\/casaledelcontadino.it\/wp-content\/uploads\/2018\/07\/lago-di-Bolsena-768x371.jpg 768w, https:\/\/casaledelcontadino.it\/wp-content\/uploads\/2018\/07\/lago-di-Bolsena-1024x495.jpg 1024w, https:\/\/casaledelcontadino.it\/wp-content\/uploads\/2018\/07\/lago-di-Bolsena-414x200.jpg 414w\" sizes=\"(max-width: 1920px) 100vw, 1920px\" \/><\/p>\n<p><b>Bolsenadtchen am gleichnamigen See, ist von den H\u00fcgeln der Monti Volsinii<\/b> umgeben.<\/p>\n<p>Der mittelalterliche Stadtkern wird von der <b>Burg Monaldeschi<\/b> beherrscht, erbaut im 13.\/14Jh. von einer bekannten Familie Orvietos und heute Sitz des Territorialmuseums des Bolsenasees.<\/p>\n<p>Bolsena wurde vor allem durch das <b>Fromleichnams-Wunder<\/b> bekannt, geschehen im Jahre 1263, als ein b\u00f6hmischer Priester, w\u00e4hrend er beim Grabmal der <b>Heiligen Cristina<\/b> die Messe las, aus der gesegneten Hostie Blut tropfen sah. Dieses Wunder nahm Papst Urban als Anlass f\u00fcr das <b>Fronleichnamsfest<\/b> in der ganzen katholi in der ganzen katholischen Welt. Dieses Fest wird in Bolsena mit einer feierlichen Prozession durch die ganze Altstadt begangen, deren Stra\u00dfen durch Blumenteppiche geschm\u00fcckt sind, ein Anlass der die Turisten und Pilger die Kunstfertigkeit der Menschen Bolsenas bewundern l\u00e4\u00dft..<\/p>\n<p>Das ristina, fr\u00fchchristliche M\u00e4rtyrerin und Schutzpatronin des Ortes, ist ein weiteres wichtiges Ereignis in <b>Bolsena<\/b>. In jedem Jahr wird auf den Pl\u00e4tzen Bolsenas das Martyrium der Heiligen Cristina in lebenden Bildern, den \u201eMisteri\u201c dargestellt.<\/p>\n<p>Der <b>See <\/b>mit seinem<b> <\/b>kristallklaren Wasser hat eine Oberfl\u00e4che von 114 qkm, einen Durchmesser vom 63 km und eine Tiefe von 146 m. Er ist damit der f\u00fcnftgr\u00f6\u00dfte See Italiens und der gr\u00f6\u00dfte See vulkanischen Ursprungs in Europa.<\/p>\n<p>Im See befinden sich zwei Inseln, die <b>Insel Bisentina<\/b>, beherrscht vom Monte Tabor, und die <b>Insel Martana<\/b> auf der die ostgotische K\u00f6nigin Amalasunta umkam.<\/p>\n","protected":false},"excerpt":{"rendered":"<p>Bolsenadtchen am gleichnamigen See, ist von den H\u00fcgeln der Monti Volsinii umgeben. Der mittelalterliche Stadtkern wird von der Burg Monaldeschi beherrscht, erbaut im 13.\/14Jh. von einer bekannten Familie Orvietos und heute Sitz des Territorialmuseums des Bolsenasees. Bolsena wurde vor allem durch das Fromleichnams-Wunder bekannt, geschehen im Jahre 1263, als ein &hellip;<\/p>\n","protected":false},"author":1,"featured_media":0,"parent":0,"menu_order":0,"comment_status":"closed","ping_status":"closed","template":"","meta":[],"_links":{"self":[{"href":"https:\/\/casaledelcontadino.it\/de\/wp-json\/wp\/v2\/pages\/468"}],"collection":[{"href":"https:\/\/casaledelcontadino.it\/de\/wp-json\/wp\/v2\/pages"}],"about":[{"href":"https:\/\/casaledelcontadino.it\/de\/wp-json\/wp\/v2\/types\/page"}],"author":[{"embeddable":true,"href":"https:\/\/casaledelcontadino.it\/de\/wp-json\/wp\/v2\/users\/1"}],"replies":[{"embeddable":true,"href":"https:\/\/casaledelcontadino.it\/de\/wp-json\/wp\/v2\/comments?post=468"}],"version-history":[{"count":5,"href":"https:\/\/casaledelcontadino.it\/de\/wp-json\/wp\/v2\/pages\/468\/revisions"}],"predecessor-version":[{"id":1936,"href":"https:\/\/casaledelcontadino.it\/de\/wp-json\/wp\/v2\/pages\/468\/revisions\/1936"}],"wp:attachment":[{"href":"https:\/\/casaledelcontadino.it\/de\/wp-json\/wp\/v2\/media?parent=468"}],"curies":[{"name":"wp","href":"https:\/\/api.w.org\/{rel}","templated":true}]}}